{"id":3825,"date":"2025-10-10T10:57:15","date_gmt":"2025-10-10T09:57:15","guid":{"rendered":"https:\/\/visualfactory.pt\/?post_type=product&#038;p=3825"},"modified":"2026-03-03T17:33:18","modified_gmt":"2026-03-03T17:33:18","slug":"livro-adegas-do-alentejo-2","status":"publish","type":"product","link":"https:\/\/visualfactory.pt\/en\/product\/livro-adegas-do-alentejo-2\/","title":{"rendered":"Livro Adegas do Alentejo 2"},"content":{"rendered":"<p>Com a participa\u00e7\u00e3o de <strong>40 adegas distintas<\/strong>, cada uma delas \u00e9 retratada com uma meticulosa aten\u00e7\u00e3o aos detalhes, capturando a <strong>ess\u00eancia \u00fanica de cada local<\/strong>.\u00a0As imagens deslumbrantes transportam os leitores para al\u00e9m das vinhas e das barricas.<\/p>\n<p>&nbsp;<\/p>\n<p>&#8220;<strong>Adegas do Alentejo 2<\/strong>&#8221; \u00e9 mais do que uma mera cole\u00e7\u00e3o de fotografias; <strong>\u00e9 um testemunho visual que ilustra a conex\u00e3o \u00edntima entre a tradi\u00e7\u00e3o, a inova\u00e7\u00e3o e a beleza que permeiam o universo vin\u00edcola do Alentejo<\/strong>. Uma odisseia cativante para os amantes do vinho e para aqueles que procuram explorar a riqueza cultural e sensorial desta regi\u00e3o extraordin\u00e1ria.<\/p>","protected":false},"excerpt":{"rendered":"<p>Com a participa\u00e7\u00e3o de <strong data-start=\"963\" data-end=\"976\">40 adegas<\/strong> e <strong data-start=\"979\" data-end=\"994\">376 p\u00e1ginas<\/strong> em <strong data-start=\"998\" data-end=\"1011\">capa dura<\/strong>, <em data-start=\"1013\" data-end=\"1035\">Adegas do Alentejo 2<\/em> revela, em edi\u00e7\u00e3o <strong data-start=\"1054\" data-end=\"1074\">bil\u00edngue (PT|EN)<\/strong>, a uni\u00e3o entre tradi\u00e7\u00e3o, inova\u00e7\u00e3o e beleza do universo vin\u00edcola alentejano. Publicado pela <strong data-start=\"1166\" data-end=\"1184\">Visual Factory<\/strong> (2.\u00aa edi\u00e7\u00e3o, <strong data-start=\"1198\" data-end=\"1218\">novembro de 2022<\/strong>), \u00e9 um livro de fotografia imperd\u00edvel para amantes do vinho e da cultura do Alentejo.<\/p>","protected":false},"featured_media":5216,"comment_status":"open","ping_status":"closed","template":"","meta":{"site-sidebar-layout":"default","site-content-layout":"","ast-site-content-layout":"default","site-content-style":"default","site-sidebar-style":"default","ast-global-header-display":"","ast-banner-title-visibility":"","ast-main-header-display":"","ast-hfb-above-header-display":"","ast-hfb-below-header-display":"","ast-hfb-mobile-header-display":"","site-post-title":"","ast-breadcrumbs-content":"","ast-featured-img":"","footer-sml-layout":"","ast-disable-related-posts":"","theme-transparent-header-meta":"default","adv-header-id-meta":"","stick-header-meta":"","header-above-stick-meta":"","header-main-stick-meta":"","header-below-stick-meta":"","astra-migrate-meta-layouts":"set","ast-page-background-enabled":"default","ast-page-background-meta":{"desktop":{"background-color":"var(--ast-global-color-5)","background-image":"","background-repeat":"repeat","background-position":"center center","background-size":"auto","background-attachment":"scroll","background-type":"","background-media":"","overlay-type":"","overlay-color":"","overlay-opacity":"","overlay-gradient":""},"tablet":{"background-color":"","background-image":"","background-repeat":"repeat","background-position":"center center","background-size":"auto","background-attachment":"scroll","background-type":"","background-media":"","overlay-type":"","overlay-color":"","overlay-opacity":"","overlay-gradient":""},"mobile":{"background-color":"","background-image":"","background-repeat":"repeat","background-position":"center center","background-size":"auto","background-attachment":"scroll","background-type":"","background-media":"","overlay-type":"","overlay-color":"","overlay-opacity":"","overlay-gradient":""}},"ast-content-background-meta":{"desktop":{"background-color":"var(--ast-global-color-4)","background-image":"","background-repeat":"repeat","background-position":"center center","background-size":"auto","background-attachment":"scroll","background-type":"","background-media":"","overlay-type":"","overlay-color":"","overlay-opacity":"","overlay-gradient":""},"tablet":{"background-color":"var(--ast-global-color-4)","background-image":"","background-repeat":"repeat","background-position":"center center","background-size":"auto","background-attachment":"scroll","background-type":"","background-media":"","overlay-type":"","overlay-color":"","overlay-opacity":"","overlay-gradient":""},"mobile":{"background-color":"var(--ast-global-color-4)","background-image":"","background-repeat":"repeat","background-position":"center center","background-size":"auto","background-attachment":"scroll","background-type":"","background-media":"","overlay-type":"","overlay-color":"","overlay-opacity":"","overlay-gradient":""}}},"product_brand":[91],"product_cat":[55,74],"product_tag":[60,58,62,63,61,65,59,64],"class_list":{"0":"post-3825","1":"product","2":"type-product","3":"status-publish","4":"has-post-thumbnail","6":"product_brand-visual-factory","7":"product_cat-publicacoes","8":"product_cat-livros","9":"product_tag-adegas","10":"product_tag-alentejo","11":"product_tag-coffee-table-book","12":"product_tag-enoturismo","13":"product_tag-fotografia","14":"product_tag-livro-bilingue","15":"product_tag-vinhos","16":"product_tag-visual-factory","17":"desktop-align-center","18":"tablet-align-left","19":"mobile-align-left","21":"first","22":"instock","23":"shipping-taxable","24":"purchasable","25":"product-type-simple"},"_links":{"self":[{"href":"https:\/\/visualfactory.pt\/en\/wp-json\/wp\/v2\/product\/3825","targetHints":{"allow":["GET"]}}],"collection":[{"href":"https:\/\/visualfactory.pt\/en\/wp-json\/wp\/v2\/product"}],"about":[{"href":"https:\/\/visualfactory.pt\/en\/wp-json\/wp\/v2\/types\/product"}],"replies":[{"embeddable":true,"href":"https:\/\/visualfactory.pt\/en\/wp-json\/wp\/v2\/comments?post=3825"}],"version-history":[{"count":1,"href":"https:\/\/visualfactory.pt\/en\/wp-json\/wp\/v2\/product\/3825\/revisions"}],"predecessor-version":[{"id":5231,"href":"https:\/\/visualfactory.pt\/en\/wp-json\/wp\/v2\/product\/3825\/revisions\/5231"}],"wp:featuredmedia":[{"embeddable":true,"href":"https:\/\/visualfactory.pt\/en\/wp-json\/wp\/v2\/media\/5216"}],"wp:attachment":[{"href":"https:\/\/visualfactory.pt\/en\/wp-json\/wp\/v2\/media?parent=3825"}],"wp:term":[{"taxonomy":"product_brand","embeddable":true,"href":"https:\/\/visualfactory.pt\/en\/wp-json\/wp\/v2\/product_brand?post=3825"},{"taxonomy":"product_cat","embeddable":true,"href":"https:\/\/visualfactory.pt\/en\/wp-json\/wp\/v2\/product_cat?post=3825"},{"taxonomy":"product_tag","embeddable":true,"href":"https:\/\/visualfactory.pt\/en\/wp-json\/wp\/v2\/product_tag?post=3825"}],"curies":[{"name":"wp","href":"https:\/\/api.w.org\/{rel}","templated":true}]}}